{"id":1787,"date":"2021-10-13T19:57:41","date_gmt":"2021-10-13T17:57:41","guid":{"rendered":"http:\/\/suryn.pl\/?page_id=1787"},"modified":"2021-10-21T13:23:23","modified_gmt":"2021-10-21T11:23:23","slug":"1787-2","status":"publish","type":"page","link":"http:\/\/suryn.pl\/index.php\/1787-2\/","title":{"rendered":""},"content":{"rendered":"\n<p><\/p>\n\n\n\n<p style=\"font-size:24px\"><strong>Dar<\/strong><\/p>\n\n\n\n<p><\/p>\n\n\n\n<h2 class=\"wp-block-heading\">drzewa iluminowane<\/h2>\n\n\n\n<h2 class=\"wp-block-heading\">drogi drogocenne<\/h2>\n\n\n\n<h2 class=\"wp-block-heading\">\u015bwiat w moim oddechu<\/h2>\n\n\n\n<h2 class=\"wp-block-heading\">wszyscy m\u00f3wi\u0105<\/h2>\n\n\n\n<h2 class=\"wp-block-heading\">wszyscy milcz\u0105<\/h2>\n\n\n\n<h2 class=\"wp-block-heading\">a ja tobie nios\u0119<\/h2>\n\n\n\n<h2 class=\"wp-block-heading\">r\u00f3\u017c\u0119 zimy<\/h2>\n\n\n\n<h2 class=\"wp-block-heading\">znam figle czasu<\/h2>\n\n\n\n<h2 class=\"wp-block-heading\">przyjmij j\u0105 <\/h2>\n\n\n\n<h2 class=\"wp-block-heading\">za chwil\u0119 nas nie b\u0119dzie<\/h2>\n\n\n\n<div style=\"height:443px\" aria-hidden=\"true\" class=\"wp-block-spacer\"><\/div>\n\n\n\n<p class=\"has-text-align-right\"><a href=\"http:\/\/suryn.pl\/index.php\/wiersze-wszystkie\/\">Wszystkie wiersze<\/a><\/p>\n","protected":false},"excerpt":{"rendered":"<p>Dar drzewa iluminowane drogi drogocenne \u015bwiat w moim oddechu wszyscy m\u00f3wi\u0105 wszyscy milcz\u0105 a ja tobie nios\u0119 r\u00f3\u017c\u0119 zimy znam figle czasu przyjmij j\u0105 za chwil\u0119 nas nie b\u0119dzie Wszystkie wiersze<\/p>\n","protected":false},"author":1,"featured_media":0,"parent":0,"menu_order":0,"comment_status":"closed","ping_status":"closed","template":"","meta":{"footnotes":""},"class_list":["post-1787","page","type-page","status-publish","hentry"],"_links":{"self":[{"href":"http:\/\/suryn.pl\/index.php\/wp-json\/wp\/v2\/pages\/1787","targetHints":{"allow":["GET"]}}],"collection":[{"href":"http:\/\/suryn.pl\/index.php\/wp-json\/wp\/v2\/pages"}],"about":[{"href":"http:\/\/suryn.pl\/index.php\/wp-json\/wp\/v2\/types\/page"}],"author":[{"embeddable":true,"href":"http:\/\/suryn.pl\/index.php\/wp-json\/wp\/v2\/users\/1"}],"replies":[{"embeddable":true,"href":"http:\/\/suryn.pl\/index.php\/wp-json\/wp\/v2\/comments?post=1787"}],"version-history":[{"count":4,"href":"http:\/\/suryn.pl\/index.php\/wp-json\/wp\/v2\/pages\/1787\/revisions"}],"predecessor-version":[{"id":2516,"href":"http:\/\/suryn.pl\/index.php\/wp-json\/wp\/v2\/pages\/1787\/revisions\/2516"}],"wp:attachment":[{"href":"http:\/\/suryn.pl\/index.php\/wp-json\/wp\/v2\/media?parent=1787"}],"curies":[{"name":"wp","href":"https:\/\/api.w.org\/{rel}","templated":true}]}}