{"id":1783,"date":"2021-10-13T19:56:03","date_gmt":"2021-10-13T17:56:03","guid":{"rendered":"http:\/\/suryn.pl\/?page_id=1783"},"modified":"2021-10-21T13:16:47","modified_gmt":"2021-10-21T11:16:47","slug":"1783-2","status":"publish","type":"page","link":"http:\/\/suryn.pl\/index.php\/1783-2\/","title":{"rendered":""},"content":{"rendered":"\n<p><\/p>\n\n\n\n<h2 class=\"wp-block-heading\"><strong>C<\/strong>zy to ja<\/h2>\n\n\n\n<h2 class=\"wp-block-heading\">na powrozach kropl\u00f3wki<\/h2>\n\n\n\n<h2 class=\"wp-block-heading\">czy znudzony fantom<\/h2>\n\n\n\n<h2 class=\"wp-block-heading\">le\u017cy na ofiar\u0119?<\/h2>\n\n\n\n<h2 class=\"wp-block-heading\">\u015bwiat przez dziurk\u0119<\/h2>\n\n\n\n<h2 class=\"wp-block-heading\">od klucza<\/h2>\n\n\n\n<h2 class=\"wp-block-heading\">poucza mnie <\/h2>\n\n\n\n<h2 class=\"wp-block-heading\">jak zwia\u0107<\/h2>\n\n\n\n<p><\/p>\n\n\n\n<div style=\"height:391px\" aria-hidden=\"true\" class=\"wp-block-spacer\"><\/div>\n\n\n\n<p class=\"has-text-align-right\"><a href=\"http:\/\/suryn.pl\/index.php\/wiersze-wszystkie\/\">Wszystkie wiersze<\/a><\/p>\n","protected":false},"excerpt":{"rendered":"<p>Czy to ja na powrozach kropl\u00f3wki czy znudzony fantom le\u017cy na ofiar\u0119? \u015bwiat przez dziurk\u0119 od klucza poucza mnie jak zwia\u0107 Wszystkie wiersze<\/p>\n","protected":false},"author":1,"featured_media":0,"parent":0,"menu_order":0,"comment_status":"closed","ping_status":"closed","template":"","meta":{"footnotes":""},"class_list":["post-1783","page","type-page","status-publish","hentry"],"_links":{"self":[{"href":"http:\/\/suryn.pl\/index.php\/wp-json\/wp\/v2\/pages\/1783","targetHints":{"allow":["GET"]}}],"collection":[{"href":"http:\/\/suryn.pl\/index.php\/wp-json\/wp\/v2\/pages"}],"about":[{"href":"http:\/\/suryn.pl\/index.php\/wp-json\/wp\/v2\/types\/page"}],"author":[{"embeddable":true,"href":"http:\/\/suryn.pl\/index.php\/wp-json\/wp\/v2\/users\/1"}],"replies":[{"embeddable":true,"href":"http:\/\/suryn.pl\/index.php\/wp-json\/wp\/v2\/comments?post=1783"}],"version-history":[{"count":3,"href":"http:\/\/suryn.pl\/index.php\/wp-json\/wp\/v2\/pages\/1783\/revisions"}],"predecessor-version":[{"id":2510,"href":"http:\/\/suryn.pl\/index.php\/wp-json\/wp\/v2\/pages\/1783\/revisions\/2510"}],"wp:attachment":[{"href":"http:\/\/suryn.pl\/index.php\/wp-json\/wp\/v2\/media?parent=1783"}],"curies":[{"name":"wp","href":"https:\/\/api.w.org\/{rel}","templated":true}]}}