{"id":1780,"date":"2021-10-13T19:54:00","date_gmt":"2021-10-13T17:54:00","guid":{"rendered":"http:\/\/suryn.pl\/?page_id=1780"},"modified":"2021-10-21T13:16:08","modified_gmt":"2021-10-21T11:16:08","slug":"1780-2","status":"publish","type":"page","link":"http:\/\/suryn.pl\/index.php\/1780-2\/","title":{"rendered":""},"content":{"rendered":"\n<p><\/p>\n\n\n\n<h2 class=\"wp-block-heading\"><strong>C<\/strong>zy to ja<\/h2>\n\n\n\n<h2 class=\"wp-block-heading\">czy to mg\u0142a<\/h2>\n\n\n\n<h2 class=\"wp-block-heading\">przes\u0142ania \u015bwiat\u0142o?<\/h2>\n\n\n\n<p><\/p>\n\n\n\n<div style=\"height:500px\" aria-hidden=\"true\" class=\"wp-block-spacer\"><\/div>\n\n\n\n<p class=\"has-text-align-right\"><a href=\"http:\/\/suryn.pl\/index.php\/wiersze-wszystkie\/\">Wszystkie wiersze<\/a><\/p>\n","protected":false},"excerpt":{"rendered":"<p>Czy to ja czy to mg\u0142a przes\u0142ania \u015bwiat\u0142o? Wszystkie wiersze<\/p>\n","protected":false},"author":1,"featured_media":0,"parent":0,"menu_order":0,"comment_status":"closed","ping_status":"closed","template":"","meta":{"footnotes":""},"class_list":["post-1780","page","type-page","status-publish","hentry"],"_links":{"self":[{"href":"http:\/\/suryn.pl\/index.php\/wp-json\/wp\/v2\/pages\/1780","targetHints":{"allow":["GET"]}}],"collection":[{"href":"http:\/\/suryn.pl\/index.php\/wp-json\/wp\/v2\/pages"}],"about":[{"href":"http:\/\/suryn.pl\/index.php\/wp-json\/wp\/v2\/types\/page"}],"author":[{"embeddable":true,"href":"http:\/\/suryn.pl\/index.php\/wp-json\/wp\/v2\/users\/1"}],"replies":[{"embeddable":true,"href":"http:\/\/suryn.pl\/index.php\/wp-json\/wp\/v2\/comments?post=1780"}],"version-history":[{"count":2,"href":"http:\/\/suryn.pl\/index.php\/wp-json\/wp\/v2\/pages\/1780\/revisions"}],"predecessor-version":[{"id":2509,"href":"http:\/\/suryn.pl\/index.php\/wp-json\/wp\/v2\/pages\/1780\/revisions\/2509"}],"wp:attachment":[{"href":"http:\/\/suryn.pl\/index.php\/wp-json\/wp\/v2\/media?parent=1780"}],"curies":[{"name":"wp","href":"https:\/\/api.w.org\/{rel}","templated":true}]}}