{"id":1777,"date":"2021-10-13T19:52:52","date_gmt":"2021-10-13T17:52:52","guid":{"rendered":"http:\/\/suryn.pl\/?page_id=1777"},"modified":"2021-10-21T13:15:33","modified_gmt":"2021-10-21T11:15:33","slug":"1777-2","status":"publish","type":"page","link":"http:\/\/suryn.pl\/index.php\/1777-2\/","title":{"rendered":""},"content":{"rendered":"\n<p><\/p>\n\n\n\n<p style=\"font-size:24px\"><strong>Czytaj\u0105c poet\u00f3w<\/strong><\/p>\n\n\n\n<p><\/p>\n\n\n\n<h2 class=\"wp-block-heading\">od\u0142o\u017cy\u0142em ksi\u0105\u017ck\u0119<\/h2>\n\n\n\n<h2 class=\"wp-block-heading\">by\u0142o jasnym<\/h2>\n\n\n\n<h2 class=\"wp-block-heading\">dlaczego<\/h2>\n\n\n\n<h2 class=\"wp-block-heading\">s\u0142o\u0144ce akurat tu i teraz<\/h2>\n\n\n\n<h2 class=\"wp-block-heading\">grzeje \u0142awk\u0119 i mnie<\/h2>\n\n\n\n<h2 class=\"wp-block-heading\">ogrodnik przerywa\u0142 truskawki<\/h2>\n\n\n\n<h2 class=\"wp-block-heading\">gdzie\u015b w wielkich miastach<\/h2>\n\n\n\n<h2 class=\"wp-block-heading\">udr\u0119czone ulice gra\u0142y<\/h2>\n\n\n\n<h2 class=\"wp-block-heading\">na upalnych tubach po\u0142udnia<\/h2>\n\n\n\n<h2 class=\"wp-block-heading\">widzia\u0142em wszystko<\/h2>\n\n\n\n<h2 class=\"wp-block-heading\">bardzo wyra\u017anie<\/h2>\n\n\n\n<h2 class=\"wp-block-heading\">i \u017cal mnie opu\u015bci\u0142<\/h2>\n\n\n\n<h2 class=\"wp-block-heading\">ptak jeszcze jeden<\/h2>\n\n\n\n<h2 class=\"wp-block-heading\">zapad\u0142 za hen<\/h2>\n\n\n\n<h2 class=\"wp-block-heading\">sta\u0142y jak nale\u017cy nad grz\u0105dkami<\/h2>\n\n\n\n<h2 class=\"wp-block-heading\">zapachy<\/h2>\n\n\n\n<div style=\"height:500px\" aria-hidden=\"true\" class=\"wp-block-spacer\"><\/div>\n\n\n\n<div style=\"height:186px\" aria-hidden=\"true\" class=\"wp-block-spacer\"><\/div>\n\n\n\n<p class=\"has-text-align-right\"><a href=\"http:\/\/suryn.pl\/index.php\/wiersze-wszystkie\/\">Wszystkie wiersze<\/a><\/p>\n","protected":false},"excerpt":{"rendered":"<p>Czytaj\u0105c poet\u00f3w od\u0142o\u017cy\u0142em ksi\u0105\u017ck\u0119 by\u0142o jasnym dlaczego s\u0142o\u0144ce akurat tu i teraz grzeje \u0142awk\u0119 i mnie ogrodnik przerywa\u0142 truskawki gdzie\u015b w wielkich miastach udr\u0119czone ulice gra\u0142y na upalnych tubach po\u0142udnia widzia\u0142em wszystko bardzo wyra\u017anie i \u017cal mnie opu\u015bci\u0142 ptak jeszcze jeden zapad\u0142 za hen sta\u0142y jak nale\u017cy nad grz\u0105dkami zapachy Wszystkie wiersze<\/p>\n","protected":false},"author":1,"featured_media":0,"parent":0,"menu_order":0,"comment_status":"closed","ping_status":"closed","template":"","meta":{"footnotes":""},"class_list":["post-1777","page","type-page","status-publish","hentry"],"_links":{"self":[{"href":"http:\/\/suryn.pl\/index.php\/wp-json\/wp\/v2\/pages\/1777","targetHints":{"allow":["GET"]}}],"collection":[{"href":"http:\/\/suryn.pl\/index.php\/wp-json\/wp\/v2\/pages"}],"about":[{"href":"http:\/\/suryn.pl\/index.php\/wp-json\/wp\/v2\/types\/page"}],"author":[{"embeddable":true,"href":"http:\/\/suryn.pl\/index.php\/wp-json\/wp\/v2\/users\/1"}],"replies":[{"embeddable":true,"href":"http:\/\/suryn.pl\/index.php\/wp-json\/wp\/v2\/comments?post=1777"}],"version-history":[{"count":2,"href":"http:\/\/suryn.pl\/index.php\/wp-json\/wp\/v2\/pages\/1777\/revisions"}],"predecessor-version":[{"id":2508,"href":"http:\/\/suryn.pl\/index.php\/wp-json\/wp\/v2\/pages\/1777\/revisions\/2508"}],"wp:attachment":[{"href":"http:\/\/suryn.pl\/index.php\/wp-json\/wp\/v2\/media?parent=1777"}],"curies":[{"name":"wp","href":"https:\/\/api.w.org\/{rel}","templated":true}]}}