{"id":1773,"date":"2021-10-13T19:50:18","date_gmt":"2021-10-13T17:50:18","guid":{"rendered":"http:\/\/suryn.pl\/?page_id=1773"},"modified":"2021-10-21T13:14:33","modified_gmt":"2021-10-21T11:14:33","slug":"1773-2","status":"publish","type":"page","link":"http:\/\/suryn.pl\/index.php\/1773-2\/","title":{"rendered":""},"content":{"rendered":"\n<p><\/p>\n\n\n\n<h2 class=\"wp-block-heading\"><strong>C<\/strong>zy\u015b\u0107 sw\u00f3j diament nieustannie<\/h2>\n\n\n\n<h2 class=\"wp-block-heading\">by\u015b nie zas\u0142ania\u0142<\/h2>\n\n\n\n<h2 class=\"wp-block-heading\">\u015bwiat\u0142a prawdziwego<\/h2>\n\n\n\n<p><\/p>\n\n\n\n<div style=\"height:491px\" aria-hidden=\"true\" class=\"wp-block-spacer\"><\/div>\n\n\n\n<p class=\"has-text-align-right\"><a href=\"http:\/\/suryn.pl\/index.php\/wiersze-wszystkie\/\">Wszystkie wiersze<\/a><\/p>\n","protected":false},"excerpt":{"rendered":"<p>Czy\u015b\u0107 sw\u00f3j diament nieustannie by\u015b nie zas\u0142ania\u0142 \u015bwiat\u0142a prawdziwego Wszystkie wiersze<\/p>\n","protected":false},"author":1,"featured_media":0,"parent":0,"menu_order":0,"comment_status":"closed","ping_status":"closed","template":"","meta":{"footnotes":""},"class_list":["post-1773","page","type-page","status-publish","hentry"],"_links":{"self":[{"href":"http:\/\/suryn.pl\/index.php\/wp-json\/wp\/v2\/pages\/1773","targetHints":{"allow":["GET"]}}],"collection":[{"href":"http:\/\/suryn.pl\/index.php\/wp-json\/wp\/v2\/pages"}],"about":[{"href":"http:\/\/suryn.pl\/index.php\/wp-json\/wp\/v2\/types\/page"}],"author":[{"embeddable":true,"href":"http:\/\/suryn.pl\/index.php\/wp-json\/wp\/v2\/users\/1"}],"replies":[{"embeddable":true,"href":"http:\/\/suryn.pl\/index.php\/wp-json\/wp\/v2\/comments?post=1773"}],"version-history":[{"count":3,"href":"http:\/\/suryn.pl\/index.php\/wp-json\/wp\/v2\/pages\/1773\/revisions"}],"predecessor-version":[{"id":2507,"href":"http:\/\/suryn.pl\/index.php\/wp-json\/wp\/v2\/pages\/1773\/revisions\/2507"}],"wp:attachment":[{"href":"http:\/\/suryn.pl\/index.php\/wp-json\/wp\/v2\/media?parent=1773"}],"curies":[{"name":"wp","href":"https:\/\/api.w.org\/{rel}","templated":true}]}}