{"id":1769,"date":"2021-10-13T19:48:30","date_gmt":"2021-10-13T17:48:30","guid":{"rendered":"http:\/\/suryn.pl\/?page_id=1769"},"modified":"2021-10-21T13:13:54","modified_gmt":"2021-10-21T11:13:54","slug":"1769-2","status":"publish","type":"page","link":"http:\/\/suryn.pl\/index.php\/1769-2\/","title":{"rendered":""},"content":{"rendered":"\n<p><\/p>\n\n\n\n<h2 class=\"wp-block-heading\"><strong>C<\/strong>zysty umys\u0142?<\/h2>\n\n\n\n<h2 class=\"wp-block-heading\">nie wiem<\/h2>\n\n\n\n<h2 class=\"wp-block-heading\">wiele si\u0119 zdarzy\u0142o w roku Smoka<\/h2>\n\n\n\n<h2 class=\"wp-block-heading\">a jeszcze wi\u0119cej si\u0119 przydarzy<\/h2>\n\n\n\n<h2 class=\"wp-block-heading\">sianokosy uda\u0142y si\u0119 wybornie<\/h2>\n\n\n\n<h2 class=\"wp-block-heading\">poci\u0105gi sp\u00f3\u017aniaj\u0105 si\u0119 w miar\u0119<\/h2>\n\n\n\n<h2 class=\"wp-block-heading\">moja niewiedza jest uczciwa<\/h2>\n\n\n\n<h2 class=\"wp-block-heading\">m\u00f3j oddech coraz spokojniejszy<\/h2>\n\n\n\n<h2 class=\"wp-block-heading\">a m\u00f3j umys\u0142?<\/h2>\n\n\n\n<h2 class=\"wp-block-heading\">m\u00f3j umys\u0142?<\/h2>\n\n\n\n<h2 class=\"wp-block-heading\">kto pyta?<\/h2>\n\n\n\n<div style=\"height:483px\" aria-hidden=\"true\" class=\"wp-block-spacer\"><\/div>\n\n\n\n<p class=\"has-text-align-right\"><a href=\"http:\/\/suryn.pl\/index.php\/wiersze-wszystkie\/\">Wszystkie wiersze<\/a><\/p>\n","protected":false},"excerpt":{"rendered":"<p>Czysty umys\u0142? nie wiem wiele si\u0119 zdarzy\u0142o w roku Smoka a jeszcze wi\u0119cej si\u0119 przydarzy sianokosy uda\u0142y si\u0119 wybornie poci\u0105gi sp\u00f3\u017aniaj\u0105 si\u0119 w miar\u0119 moja niewiedza jest uczciwa m\u00f3j oddech coraz spokojniejszy a m\u00f3j umys\u0142? m\u00f3j umys\u0142? kto pyta? Wszystkie wiersze<\/p>\n","protected":false},"author":1,"featured_media":0,"parent":0,"menu_order":0,"comment_status":"closed","ping_status":"closed","template":"","meta":{"footnotes":""},"class_list":["post-1769","page","type-page","status-publish","hentry"],"_links":{"self":[{"href":"http:\/\/suryn.pl\/index.php\/wp-json\/wp\/v2\/pages\/1769","targetHints":{"allow":["GET"]}}],"collection":[{"href":"http:\/\/suryn.pl\/index.php\/wp-json\/wp\/v2\/pages"}],"about":[{"href":"http:\/\/suryn.pl\/index.php\/wp-json\/wp\/v2\/types\/page"}],"author":[{"embeddable":true,"href":"http:\/\/suryn.pl\/index.php\/wp-json\/wp\/v2\/users\/1"}],"replies":[{"embeddable":true,"href":"http:\/\/suryn.pl\/index.php\/wp-json\/wp\/v2\/comments?post=1769"}],"version-history":[{"count":3,"href":"http:\/\/suryn.pl\/index.php\/wp-json\/wp\/v2\/pages\/1769\/revisions"}],"predecessor-version":[{"id":2506,"href":"http:\/\/suryn.pl\/index.php\/wp-json\/wp\/v2\/pages\/1769\/revisions\/2506"}],"wp:attachment":[{"href":"http:\/\/suryn.pl\/index.php\/wp-json\/wp\/v2\/media?parent=1769"}],"curies":[{"name":"wp","href":"https:\/\/api.w.org\/{rel}","templated":true}]}}