{"id":1766,"date":"2021-10-13T19:45:53","date_gmt":"2021-10-13T17:45:53","guid":{"rendered":"http:\/\/suryn.pl\/?page_id=1766"},"modified":"2021-10-21T13:12:55","modified_gmt":"2021-10-21T11:12:55","slug":"1766-2","status":"publish","type":"page","link":"http:\/\/suryn.pl\/index.php\/1766-2\/","title":{"rendered":""},"content":{"rendered":"\n<p><\/p>\n\n\n\n<h2 class=\"wp-block-heading\"><strong>C<\/strong>zy ka\u017cda mi\u0142o\u015b\u0107<\/h2>\n\n\n\n<h2 class=\"wp-block-heading\">cieniem Twojej?<\/h2>\n\n\n\n<h2 class=\"wp-block-heading\">czy obraz \u015bwiata<\/h2>\n\n\n\n<h2 class=\"wp-block-heading\">marn\u0105 kopi\u0105 Twego?<\/h2>\n\n\n\n<h2 class=\"wp-block-heading\">chcia\u0142bym to wiedzie\u0107<\/h2>\n\n\n\n<h2 class=\"wp-block-heading\">nim zjawi si\u0119 tu<\/h2>\n\n\n\n<h2 class=\"wp-block-heading\">pani oddechu ostatniego<\/h2>\n\n\n\n<div style=\"height:354px\" aria-hidden=\"true\" class=\"wp-block-spacer\"><\/div>\n\n\n\n<p class=\"has-text-align-right\"><a href=\"http:\/\/suryn.pl\/index.php\/wiersze-wszystkie\/\">Wszystkie wiersze<\/a><\/p>\n","protected":false},"excerpt":{"rendered":"<p>Czy ka\u017cda mi\u0142o\u015b\u0107 cieniem Twojej? czy obraz \u015bwiata marn\u0105 kopi\u0105 Twego? chcia\u0142bym to wiedzie\u0107 nim zjawi si\u0119 tu pani oddechu ostatniego Wszystkie wiersze<\/p>\n","protected":false},"author":1,"featured_media":0,"parent":0,"menu_order":0,"comment_status":"closed","ping_status":"closed","template":"","meta":{"footnotes":""},"class_list":["post-1766","page","type-page","status-publish","hentry"],"_links":{"self":[{"href":"http:\/\/suryn.pl\/index.php\/wp-json\/wp\/v2\/pages\/1766","targetHints":{"allow":["GET"]}}],"collection":[{"href":"http:\/\/suryn.pl\/index.php\/wp-json\/wp\/v2\/pages"}],"about":[{"href":"http:\/\/suryn.pl\/index.php\/wp-json\/wp\/v2\/types\/page"}],"author":[{"embeddable":true,"href":"http:\/\/suryn.pl\/index.php\/wp-json\/wp\/v2\/users\/1"}],"replies":[{"embeddable":true,"href":"http:\/\/suryn.pl\/index.php\/wp-json\/wp\/v2\/comments?post=1766"}],"version-history":[{"count":2,"href":"http:\/\/suryn.pl\/index.php\/wp-json\/wp\/v2\/pages\/1766\/revisions"}],"predecessor-version":[{"id":2505,"href":"http:\/\/suryn.pl\/index.php\/wp-json\/wp\/v2\/pages\/1766\/revisions\/2505"}],"wp:attachment":[{"href":"http:\/\/suryn.pl\/index.php\/wp-json\/wp\/v2\/media?parent=1766"}],"curies":[{"name":"wp","href":"https:\/\/api.w.org\/{rel}","templated":true}]}}