{"id":1760,"date":"2021-10-13T19:42:44","date_gmt":"2021-10-13T17:42:44","guid":{"rendered":"http:\/\/suryn.pl\/?page_id=1760"},"modified":"2021-10-21T13:11:37","modified_gmt":"2021-10-21T11:11:37","slug":"1760-2","status":"publish","type":"page","link":"http:\/\/suryn.pl\/index.php\/1760-2\/","title":{"rendered":""},"content":{"rendered":"\n<p><\/p>\n\n\n\n<p style=\"font-size:24px\"><strong>Cyklameny albo nieustaj\u0105ca pieszczota<\/strong><\/p>\n\n\n\n<p><\/p>\n\n\n\n<h2 class=\"wp-block-heading\">dzie\u0144 \u2013 srebrny muflon<\/h2>\n\n\n\n<h2 class=\"wp-block-heading\">co rogami<\/h2>\n\n\n\n<h2 class=\"wp-block-heading\">w naszej po\u015bcieli<\/h2>\n\n\n\n<h2 class=\"wp-block-heading\">wyp\u0142asza\u0142 nie\u015bmia\u0142ych stra\u017cnik\u00f3w seksu<\/h2>\n\n\n\n<div style=\"height:321px\" aria-hidden=\"true\" class=\"wp-block-spacer\"><\/div>\n\n\n\n<p class=\"has-text-align-right\"><a href=\"http:\/\/suryn.pl\/index.php\/wiersze-wszystkie\/\">Wszystkie wiersze<\/a><\/p>\n","protected":false},"excerpt":{"rendered":"<p>Cyklameny albo nieustaj\u0105ca pieszczota dzie\u0144 \u2013 srebrny muflon co rogami w naszej po\u015bcieli wyp\u0142asza\u0142 nie\u015bmia\u0142ych stra\u017cnik\u00f3w seksu Wszystkie wiersze<\/p>\n","protected":false},"author":1,"featured_media":0,"parent":0,"menu_order":0,"comment_status":"closed","ping_status":"closed","template":"","meta":{"footnotes":""},"class_list":["post-1760","page","type-page","status-publish","hentry"],"_links":{"self":[{"href":"http:\/\/suryn.pl\/index.php\/wp-json\/wp\/v2\/pages\/1760","targetHints":{"allow":["GET"]}}],"collection":[{"href":"http:\/\/suryn.pl\/index.php\/wp-json\/wp\/v2\/pages"}],"about":[{"href":"http:\/\/suryn.pl\/index.php\/wp-json\/wp\/v2\/types\/page"}],"author":[{"embeddable":true,"href":"http:\/\/suryn.pl\/index.php\/wp-json\/wp\/v2\/users\/1"}],"replies":[{"embeddable":true,"href":"http:\/\/suryn.pl\/index.php\/wp-json\/wp\/v2\/comments?post=1760"}],"version-history":[{"count":4,"href":"http:\/\/suryn.pl\/index.php\/wp-json\/wp\/v2\/pages\/1760\/revisions"}],"predecessor-version":[{"id":2503,"href":"http:\/\/suryn.pl\/index.php\/wp-json\/wp\/v2\/pages\/1760\/revisions\/2503"}],"wp:attachment":[{"href":"http:\/\/suryn.pl\/index.php\/wp-json\/wp\/v2\/media?parent=1760"}],"curies":[{"name":"wp","href":"https:\/\/api.w.org\/{rel}","templated":true}]}}