{"id":1750,"date":"2021-10-13T19:39:25","date_gmt":"2021-10-13T17:39:25","guid":{"rendered":"http:\/\/suryn.pl\/?page_id=1750"},"modified":"2021-10-21T13:08:25","modified_gmt":"2021-10-21T11:08:25","slug":"1750-2","status":"publish","type":"page","link":"http:\/\/suryn.pl\/index.php\/1750-2\/","title":{"rendered":""},"content":{"rendered":"\n<p><\/p>\n\n\n\n<p style=\"font-size:24px\"><strong>Collage dla Europy<\/strong><\/p>\n\n\n\n<p><\/p>\n\n\n\n<h2 class=\"wp-block-heading\">o Europo! twe pomy\u0142ki wiecznie \u017cywe<\/h2>\n\n\n\n<h2 class=\"wp-block-heading\">Francoise \u015bpiewa \u2013 zacznij rewolucj\u0119 od serca<\/h2>\n\n\n\n<h2 class=\"wp-block-heading\">p\u0142aczesz?<\/h2>\n\n\n\n<h2 class=\"wp-block-heading\">niekt\u00f3rzy my\u015bl\u0105 \u017ce Bastylia mia\u0142a mury z piernika<\/h2>\n\n\n\n<h2 class=\"wp-block-heading\">twe stare rzeki parki kawiarnie \u2013 coraz wolniej ta\u0144cz\u0105<\/h2>\n\n\n\n<h2 class=\"wp-block-heading\">a poczwary z katedry Notre Dame drapi\u0105 \u0142uskami czas<\/h2>\n\n\n\n<h2 class=\"wp-block-heading\">jej m\u0142ode piersi w s\u0142o\u0144cu i twoje<\/h2>\n\n\n\n<h2 class=\"wp-block-heading\">gazety rewolucje dworce hymny<\/h2>\n\n\n\n<h2 class=\"wp-block-heading\">\u017cegnam Europo! \u015bpiewam i zapominam<\/h2>\n\n\n\n<h2 class=\"wp-block-heading\">zapominam<\/h2>\n\n\n\n<h2 class=\"wp-block-heading\">a jednak pluszowe sukna wci\u0105\u017c okre\u015blaj\u0105 sen <\/h2>\n\n\n\n<h2 class=\"wp-block-heading\">a Wezuwiusz\u00a0rozdziera poranek<\/h2>\n\n\n\n<h2 class=\"wp-block-heading\">zapominam!<\/h2>\n\n\n\n<h2 class=\"wp-block-heading\">prawda toczy si\u0119 po go\u015bci\u0144cach \u2013 miasta wiecznie g\u0142odne<\/h2>\n\n\n\n<h2 class=\"wp-block-heading\">tysi\u0105c twoich pomylonych \u015bwiat\u00f3w <\/h2>\n\n\n\n<h2 class=\"wp-block-heading\">tysi\u0105c bog\u00f3w\u00a0to pokornych to niemych<\/h2>\n\n\n\n<h2 class=\"wp-block-heading\">twoi synowie umieraj\u0105cy przypadkiem<\/h2>\n\n\n\n<h2 class=\"wp-block-heading\">Nowy Jork tak nie powie \u2013 czy pami\u0119ta&nbsp;<\/h2>\n\n\n\n<h2 class=\"wp-block-heading\">\u017ce rynsztokiem Main Street sp\u0142ywa woda alpejskiego lodowca?<\/h2>\n\n\n\n<h2 class=\"wp-block-heading\">kwiecie\u0144 by\u0142 przezroczysty ona w lekkiej sukience&nbsp;<\/h2>\n\n\n\n<h2 class=\"wp-block-heading\">gdzie by\u0142am ja?<\/h2>\n\n\n\n<h2 class=\"wp-block-heading\">teraz czai si\u0119 we mnie omsza\u0142y sen garbusa<\/h2>\n\n\n\n<h2 class=\"wp-block-heading\">Petersburg Moguncja Londyn Praga \u2013 szukaj mnie B\u00f3g wie gdzie&nbsp;<\/h2>\n\n\n\n<h2 class=\"wp-block-heading\">Europo!<\/h2>\n\n\n\n<h2 class=\"wp-block-heading\">zu\u017cyta si\u0142a baszt \u2013 och! ile ksi\u0119\u017cyca?!<\/h2>\n\n\n\n<h2 class=\"wp-block-heading\">dla ciebie p\u0142acz\u0119 na scenach kwiaty rzucam kobietom i pomnikom&nbsp;<\/h2>\n\n\n\n<h2 class=\"wp-block-heading\">pij\u0119 wino w parkach pal\u0119 twoje ksi\u0105\u017cki i zapominam<\/h2>\n\n\n\n<h2 class=\"wp-block-heading\">ca\u0142e miasto toczy si\u0119 zgrzytaj\u0105cym ko\u0142em<\/h2>\n\n\n\n<h2 class=\"wp-block-heading\">w przepa\u015b\u0107<\/h2>\n\n\n\n<h2 class=\"wp-block-heading\">widz\u0119 coraz bli\u017cej dzie\u0144 kiedy sama zapomnisz<\/h2>\n\n\n\n<h2 class=\"wp-block-heading\">mnie &#8211; we wszystkich swoich j\u0119zykach<\/h2>\n\n\n\n<h2 class=\"wp-block-heading\"><\/h2>\n\n\n\n<h2 class=\"wp-block-heading\">Europo!<\/h2>\n\n\n\n<p><\/p>\n\n\n\n<p><em>SDS (Suryn\/Darski)<\/em><\/p>\n\n\n\n<p><\/p>\n\n\n\n<div style=\"height:500px\" aria-hidden=\"true\" class=\"wp-block-spacer\"><\/div>\n\n\n\n<p class=\"has-text-align-right\"><a href=\"http:\/\/suryn.pl\/index.php\/wiersze-wszystkie\/\">Wszystkie wiersze<\/a><\/p>\n","protected":false},"excerpt":{"rendered":"<p>Collage dla Europy o Europo! twe pomy\u0142ki wiecznie \u017cywe Francoise \u015bpiewa \u2013 zacznij rewolucj\u0119 od serca p\u0142aczesz? niekt\u00f3rzy my\u015bl\u0105 \u017ce Bastylia mia\u0142a mury z piernika twe stare rzeki parki kawiarnie \u2013 coraz wolniej ta\u0144cz\u0105 a poczwary z katedry Notre Dame drapi\u0105 \u0142uskami czas jej m\u0142ode piersi w s\u0142o\u0144cu i twoje gazety rewolucje dworce hymny \u017cegnam Europo! \u015bpiewam i zapominam zapominam &#8230;<\/p>\n","protected":false},"author":1,"featured_media":0,"parent":0,"menu_order":0,"comment_status":"closed","ping_status":"closed","template":"","meta":{"footnotes":""},"class_list":["post-1750","page","type-page","status-publish","hentry"],"_links":{"self":[{"href":"http:\/\/suryn.pl\/index.php\/wp-json\/wp\/v2\/pages\/1750","targetHints":{"allow":["GET"]}}],"collection":[{"href":"http:\/\/suryn.pl\/index.php\/wp-json\/wp\/v2\/pages"}],"about":[{"href":"http:\/\/suryn.pl\/index.php\/wp-json\/wp\/v2\/types\/page"}],"author":[{"embeddable":true,"href":"http:\/\/suryn.pl\/index.php\/wp-json\/wp\/v2\/users\/1"}],"replies":[{"embeddable":true,"href":"http:\/\/suryn.pl\/index.php\/wp-json\/wp\/v2\/comments?post=1750"}],"version-history":[{"count":5,"href":"http:\/\/suryn.pl\/index.php\/wp-json\/wp\/v2\/pages\/1750\/revisions"}],"predecessor-version":[{"id":2499,"href":"http:\/\/suryn.pl\/index.php\/wp-json\/wp\/v2\/pages\/1750\/revisions\/2499"}],"wp:attachment":[{"href":"http:\/\/suryn.pl\/index.php\/wp-json\/wp\/v2\/media?parent=1750"}],"curies":[{"name":"wp","href":"https:\/\/api.w.org\/{rel}","templated":true}]}}