{"id":1740,"date":"2021-10-13T19:26:48","date_gmt":"2021-10-13T17:26:48","guid":{"rendered":"http:\/\/suryn.pl\/?page_id=1740"},"modified":"2021-10-21T13:03:06","modified_gmt":"2021-10-21T11:03:06","slug":"1740-2","status":"publish","type":"page","link":"http:\/\/suryn.pl\/index.php\/1740-2\/","title":{"rendered":""},"content":{"rendered":"\n<p><\/p>\n\n\n\n<h2 class=\"wp-block-heading\"><strong>C<\/strong>iche i ciemne<\/h2>\n\n\n\n<h2 class=\"wp-block-heading\">zaj\u0119cia nocy<\/h2>\n\n\n\n<h2 class=\"wp-block-heading\">wi\u0119zie\u0144 cia\u0142a<\/h2>\n\n\n\n<h2 class=\"wp-block-heading\">i stra\u017cnik oddechu<\/h2>\n\n\n\n<h2 class=\"wp-block-heading\">ach! wybuchn\u0105\u0107 i rozda\u0107<\/h2>\n\n\n\n<h2 class=\"wp-block-heading\">\u015bwiatu to co na chwil\u0119 przebra\u0142o si\u0119<\/h2>\n\n\n\n<h2 class=\"wp-block-heading\">za mnie<\/h2>\n\n\n\n<h2 class=\"wp-block-heading\">ja \u2013 supernowa i bia\u0142y karze\u0142<\/h2>\n\n\n\n<h2 class=\"wp-block-heading\">zagl\u0105daj\u0105cy za kraw\u0119d\u017a czarnej dziury <\/h2>\n\n\n\n<h2 class=\"wp-block-heading\">ufam, \u017ce je\u015bli nie b\u0119d\u0119 przeszkadza\u0142 <\/h2>\n\n\n\n<h2 class=\"wp-block-heading\">sprawy u\u0142o\u017c\u0105 si\u0119 same<\/h2>\n\n\n\n<div style=\"height:402px\" aria-hidden=\"true\" class=\"wp-block-spacer\"><\/div>\n\n\n\n<p class=\"has-text-align-right\"><a href=\"http:\/\/suryn.pl\/index.php\/wiersze-wszystkie\/\">Wszystkie wiersze<\/a><\/p>\n","protected":false},"excerpt":{"rendered":"<p>Ciche i ciemne zaj\u0119cia nocy wi\u0119zie\u0144 cia\u0142a i stra\u017cnik oddechu ach! wybuchn\u0105\u0107 i rozda\u0107 \u015bwiatu to co na chwil\u0119 przebra\u0142o si\u0119 za mnie ja \u2013 supernowa i bia\u0142y karze\u0142 zagl\u0105daj\u0105cy za kraw\u0119d\u017a czarnej dziury ufam, \u017ce je\u015bli nie b\u0119d\u0119 przeszkadza\u0142 sprawy u\u0142o\u017c\u0105 si\u0119 same Wszystkie wiersze<\/p>\n","protected":false},"author":1,"featured_media":0,"parent":0,"menu_order":0,"comment_status":"closed","ping_status":"closed","template":"","meta":{"footnotes":""},"class_list":["post-1740","page","type-page","status-publish","hentry"],"_links":{"self":[{"href":"http:\/\/suryn.pl\/index.php\/wp-json\/wp\/v2\/pages\/1740","targetHints":{"allow":["GET"]}}],"collection":[{"href":"http:\/\/suryn.pl\/index.php\/wp-json\/wp\/v2\/pages"}],"about":[{"href":"http:\/\/suryn.pl\/index.php\/wp-json\/wp\/v2\/types\/page"}],"author":[{"embeddable":true,"href":"http:\/\/suryn.pl\/index.php\/wp-json\/wp\/v2\/users\/1"}],"replies":[{"embeddable":true,"href":"http:\/\/suryn.pl\/index.php\/wp-json\/wp\/v2\/comments?post=1740"}],"version-history":[{"count":3,"href":"http:\/\/suryn.pl\/index.php\/wp-json\/wp\/v2\/pages\/1740\/revisions"}],"predecessor-version":[{"id":2494,"href":"http:\/\/suryn.pl\/index.php\/wp-json\/wp\/v2\/pages\/1740\/revisions\/2494"}],"wp:attachment":[{"href":"http:\/\/suryn.pl\/index.php\/wp-json\/wp\/v2\/media?parent=1740"}],"curies":[{"name":"wp","href":"https:\/\/api.w.org\/{rel}","templated":true}]}}