{"id":1733,"date":"2021-10-13T19:23:18","date_gmt":"2021-10-13T17:23:18","guid":{"rendered":"http:\/\/suryn.pl\/?page_id=1733"},"modified":"2021-10-21T12:56:59","modified_gmt":"2021-10-21T10:56:59","slug":"1733-2","status":"publish","type":"page","link":"http:\/\/suryn.pl\/index.php\/1733-2\/","title":{"rendered":""},"content":{"rendered":"\n<p><\/p>\n\n\n\n<p style=\"font-size:24px\"><strong>Celtycka harfa<\/strong><strong><\/strong><\/p>\n\n\n\n<h2 class=\"wp-block-heading\">niech b\u0119dzie to poranek utkany ze s\u0142o\u0144ca<\/h2>\n\n\n\n<h2 class=\"wp-block-heading\">i pragnie\u0144 pierwszych tak delikatny \u017ce<\/h2>\n\n\n\n<h2 class=\"wp-block-heading\">nie wypowiem<\/h2>\n\n\n\n<h2 class=\"wp-block-heading\">wtedy ona otwiera legendy<\/h2>\n\n\n\n<h2 class=\"wp-block-heading\">s\u0142yszysz jak ptak szamoce si\u0119 w sieci<\/h2>\n\n\n\n<h2 class=\"wp-block-heading\">wszystko rusza si\u0119 a stoi<\/h2>\n\n\n\n<h2 class=\"wp-block-heading\">d\u017awi\u0119czy<\/h2>\n\n\n\n<h2 class=\"wp-block-heading\">w z\u0142otej po\u015bwiacie lasu Broceliande<\/h2>\n\n\n\n<h2 class=\"wp-block-heading\">kwiat i wiatr pami\u0119\u0107 traw sen ska\u0142<\/h2>\n\n\n\n<h2 class=\"wp-block-heading\">chwa\u0142a i mech porasta kamie\u0144 kamie\u0144 porasta<\/h2>\n\n\n\n<h2 class=\"wp-block-heading\">milczenie wci\u0105\u017c dalej dalej<\/h2>\n\n\n\n<h2 class=\"wp-block-heading\">ro\u015bnie ten zamek na schodach stara krew<\/h2>\n\n\n\n<h2 class=\"wp-block-heading\">kto\u015b kogo\u015b kocha\u0142 i o tym ten \u015bpiew<\/h2>\n\n\n\n<h2 class=\"wp-block-heading\">st\u0119pa brzmi\u0105 kroki ba\u015bniowego konia<\/h2>\n\n\n\n<h2 class=\"wp-block-heading\">jak struny<\/h2>\n\n\n\n<h2 class=\"wp-block-heading\">miecze majowego deszczu p\u0119kaj\u0105 wznio\u015ble<\/h2>\n\n\n\n<h2 class=\"wp-block-heading\">tak oto w \u015bwi\u0119ty czas prze\u017aroczysty poch\u00f3d<\/h2>\n\n\n\n<h2 class=\"wp-block-heading\">wznosi si\u0119 nad las i morze i p\u00f3ki d\u017awi\u0119k\u00f3w<\/h2>\n\n\n\n<h2 class=\"wp-block-heading\">p\u00f3ty \u017cycia<\/h2>\n\n\n\n<h2 class=\"wp-block-heading\">O! a\u017c kamie\u0144 krzykn\u0105\u0142<\/h2>\n\n\n\n<p><\/p>\n\n\n\n<p><\/p>\n\n\n\n<p><em>SDS (Suryn\/Darski)<\/em><\/p>\n\n\n\n<p><\/p>\n\n\n\n<div style=\"height:500px\" aria-hidden=\"true\" class=\"wp-block-spacer\"><\/div>\n\n\n\n<div style=\"height:365px\" aria-hidden=\"true\" class=\"wp-block-spacer\"><\/div>\n\n\n\n<p class=\"has-text-align-right\"><a href=\"http:\/\/suryn.pl\/index.php\/wiersze-wszystkie\/\">Wszystkie wiersze<\/a><\/p>\n","protected":false},"excerpt":{"rendered":"<p>Celtycka harfa niech b\u0119dzie to poranek utkany ze s\u0142o\u0144ca i pragnie\u0144 pierwszych tak delikatny \u017ce nie wypowiem wtedy ona otwiera legendy s\u0142yszysz jak ptak szamoce si\u0119 w sieci wszystko rusza si\u0119 a stoi d\u017awi\u0119czy w z\u0142otej po\u015bwiacie lasu Broceliande kwiat i wiatr pami\u0119\u0107 traw sen ska\u0142 chwa\u0142a i mech porasta kamie\u0144 kamie\u0144 porasta milczenie wci\u0105\u017c dalej dalej ro\u015bnie ten zamek &#8230;<\/p>\n","protected":false},"author":1,"featured_media":0,"parent":0,"menu_order":0,"comment_status":"closed","ping_status":"closed","template":"","meta":{"footnotes":""},"class_list":["post-1733","page","type-page","status-publish","hentry"],"_links":{"self":[{"href":"http:\/\/suryn.pl\/index.php\/wp-json\/wp\/v2\/pages\/1733","targetHints":{"allow":["GET"]}}],"collection":[{"href":"http:\/\/suryn.pl\/index.php\/wp-json\/wp\/v2\/pages"}],"about":[{"href":"http:\/\/suryn.pl\/index.php\/wp-json\/wp\/v2\/types\/page"}],"author":[{"embeddable":true,"href":"http:\/\/suryn.pl\/index.php\/wp-json\/wp\/v2\/users\/1"}],"replies":[{"embeddable":true,"href":"http:\/\/suryn.pl\/index.php\/wp-json\/wp\/v2\/comments?post=1733"}],"version-history":[{"count":3,"href":"http:\/\/suryn.pl\/index.php\/wp-json\/wp\/v2\/pages\/1733\/revisions"}],"predecessor-version":[{"id":2490,"href":"http:\/\/suryn.pl\/index.php\/wp-json\/wp\/v2\/pages\/1733\/revisions\/2490"}],"wp:attachment":[{"href":"http:\/\/suryn.pl\/index.php\/wp-json\/wp\/v2\/media?parent=1733"}],"curies":[{"name":"wp","href":"https:\/\/api.w.org\/{rel}","templated":true}]}}