{"id":1730,"date":"2021-10-13T19:21:23","date_gmt":"2021-10-13T17:21:23","guid":{"rendered":"http:\/\/suryn.pl\/?page_id=1730"},"modified":"2021-10-21T12:56:00","modified_gmt":"2021-10-21T10:56:00","slug":"1730-2","status":"publish","type":"page","link":"http:\/\/suryn.pl\/index.php\/1730-2\/","title":{"rendered":""},"content":{"rendered":"\n<p><\/p>\n\n\n\n<h2 class=\"wp-block-heading\">Ca\u0142kowity zupe\u0142ny doskona\u0142y<\/h2>\n\n\n\n<h2 class=\"wp-block-heading\">w trzech \u017cywio\u0142ach<\/h2>\n\n\n\n<h2 class=\"wp-block-heading\">pos\u0142aniec mi\u0142o\u015bci<\/h2>\n\n\n\n<h2 class=\"wp-block-heading\">goniec rado\u015bci<\/h2>\n\n\n\n<h2 class=\"wp-block-heading\">pasterz smutku<\/h2>\n\n\n\n<h2 class=\"wp-block-heading\">przenika przez to<\/h2>\n\n\n\n<h2 class=\"wp-block-heading\">czego nie ma<\/h2>\n\n\n\n<h2 class=\"wp-block-heading\">i przez to co jest<\/h2>\n\n\n\n<h2 class=\"wp-block-heading\">nietkni\u0119ty jak tajemnica<\/h2>\n\n\n\n<div style=\"height:297px\" aria-hidden=\"true\" class=\"wp-block-spacer\"><\/div>\n\n\n\n<p class=\"has-text-align-right\"><a href=\"http:\/\/suryn.pl\/index.php\/wiersze-wszystkie\/\">Wszystkie wiersze<\/a><\/p>\n","protected":false},"excerpt":{"rendered":"<p>Ca\u0142kowity zupe\u0142ny doskona\u0142y w trzech \u017cywio\u0142ach pos\u0142aniec mi\u0142o\u015bci goniec rado\u015bci pasterz smutku przenika przez to czego nie ma i przez to co jest nietkni\u0119ty jak tajemnica Wszystkie wiersze<\/p>\n","protected":false},"author":1,"featured_media":0,"parent":0,"menu_order":0,"comment_status":"closed","ping_status":"closed","template":"","meta":{"footnotes":""},"class_list":["post-1730","page","type-page","status-publish","hentry"],"_links":{"self":[{"href":"http:\/\/suryn.pl\/index.php\/wp-json\/wp\/v2\/pages\/1730","targetHints":{"allow":["GET"]}}],"collection":[{"href":"http:\/\/suryn.pl\/index.php\/wp-json\/wp\/v2\/pages"}],"about":[{"href":"http:\/\/suryn.pl\/index.php\/wp-json\/wp\/v2\/types\/page"}],"author":[{"embeddable":true,"href":"http:\/\/suryn.pl\/index.php\/wp-json\/wp\/v2\/users\/1"}],"replies":[{"embeddable":true,"href":"http:\/\/suryn.pl\/index.php\/wp-json\/wp\/v2\/comments?post=1730"}],"version-history":[{"count":2,"href":"http:\/\/suryn.pl\/index.php\/wp-json\/wp\/v2\/pages\/1730\/revisions"}],"predecessor-version":[{"id":2489,"href":"http:\/\/suryn.pl\/index.php\/wp-json\/wp\/v2\/pages\/1730\/revisions\/2489"}],"wp:attachment":[{"href":"http:\/\/suryn.pl\/index.php\/wp-json\/wp\/v2\/media?parent=1730"}],"curies":[{"name":"wp","href":"https:\/\/api.w.org\/{rel}","templated":true}]}}