{"id":1727,"date":"2021-10-13T19:19:55","date_gmt":"2021-10-13T17:19:55","guid":{"rendered":"http:\/\/suryn.pl\/?page_id=1727"},"modified":"2021-10-21T12:55:28","modified_gmt":"2021-10-21T10:55:28","slug":"1727-2","status":"publish","type":"page","link":"http:\/\/suryn.pl\/index.php\/1727-2\/","title":{"rendered":""},"content":{"rendered":"\n<p><\/p>\n\n\n\n<p style=\"font-size:24px\"><strong>By w ornamentach pytania zagubi\u0107<\/strong><\/p>\n\n\n\n<p><\/p>\n\n\n\n<h2 class=\"wp-block-heading\">twoje lekko duszne pomys\u0142y milordzie<\/h2>\n\n\n\n<h2 class=\"wp-block-heading\">przywracaj\u0105 mi nadziej\u0119<\/h2>\n\n\n\n<h2 class=\"wp-block-heading\">pos\u0142uchaj Mircea<\/h2>\n\n\n\n<h2 class=\"wp-block-heading\">i wy, kt\u00f3rzy mi\u0119dzy palcami<\/h2>\n\n\n\n<h2 class=\"wp-block-heading\">in flagranti \u015bwiat \u0142apiecie<\/h2>\n\n\n\n<h2 class=\"wp-block-heading\">pom\u00f3\u017ccie, by moje czuwanie<\/h2>\n\n\n\n<h2 class=\"wp-block-heading\">kszta\u0142tem si\u0119 sta\u0142o <\/h2>\n\n\n\n<h2 class=\"wp-block-heading\">a ka\u017cdy ruch chwa\u0142\u0105 Najwy\u017cszego<\/h2>\n\n\n\n<div style=\"height:400px\" aria-hidden=\"true\" class=\"wp-block-spacer\"><\/div>\n\n\n\n<p class=\"has-text-align-right\"><a href=\"http:\/\/suryn.pl\/index.php\/wiersze-wszystkie\/\">Wszystkie wiersze<\/a><\/p>\n","protected":false},"excerpt":{"rendered":"<p>By w ornamentach pytania zagubi\u0107 twoje lekko duszne pomys\u0142y milordzie przywracaj\u0105 mi nadziej\u0119 pos\u0142uchaj Mircea i wy, kt\u00f3rzy mi\u0119dzy palcami in flagranti \u015bwiat \u0142apiecie pom\u00f3\u017ccie, by moje czuwanie kszta\u0142tem si\u0119 sta\u0142o a ka\u017cdy ruch chwa\u0142\u0105 Najwy\u017cszego Wszystkie wiersze<\/p>\n","protected":false},"author":1,"featured_media":0,"parent":0,"menu_order":0,"comment_status":"closed","ping_status":"closed","template":"","meta":{"footnotes":""},"class_list":["post-1727","page","type-page","status-publish","hentry"],"_links":{"self":[{"href":"http:\/\/suryn.pl\/index.php\/wp-json\/wp\/v2\/pages\/1727","targetHints":{"allow":["GET"]}}],"collection":[{"href":"http:\/\/suryn.pl\/index.php\/wp-json\/wp\/v2\/pages"}],"about":[{"href":"http:\/\/suryn.pl\/index.php\/wp-json\/wp\/v2\/types\/page"}],"author":[{"embeddable":true,"href":"http:\/\/suryn.pl\/index.php\/wp-json\/wp\/v2\/users\/1"}],"replies":[{"embeddable":true,"href":"http:\/\/suryn.pl\/index.php\/wp-json\/wp\/v2\/comments?post=1727"}],"version-history":[{"count":3,"href":"http:\/\/suryn.pl\/index.php\/wp-json\/wp\/v2\/pages\/1727\/revisions"}],"predecessor-version":[{"id":2488,"href":"http:\/\/suryn.pl\/index.php\/wp-json\/wp\/v2\/pages\/1727\/revisions\/2488"}],"wp:attachment":[{"href":"http:\/\/suryn.pl\/index.php\/wp-json\/wp\/v2\/media?parent=1727"}],"curies":[{"name":"wp","href":"https:\/\/api.w.org\/{rel}","templated":true}]}}