{"id":1724,"date":"2021-10-13T19:18:24","date_gmt":"2021-10-13T17:18:24","guid":{"rendered":"http:\/\/suryn.pl\/?page_id=1724"},"modified":"2021-10-21T12:36:21","modified_gmt":"2021-10-21T10:36:21","slug":"1724-2","status":"publish","type":"page","link":"http:\/\/suryn.pl\/index.php\/1724-2\/","title":{"rendered":""},"content":{"rendered":"\n<p><\/p>\n\n\n\n<h2 class=\"wp-block-heading\"><strong>B<\/strong>y\u0142em nie do\u015b\u0107 cichy<\/h2>\n\n\n\n<h2 class=\"wp-block-heading\">nie do\u015b\u0107 uwa\u017cny<\/h2>\n\n\n\n<h2 class=\"wp-block-heading\">wiatr porusza\u0142 trzciny<\/h2>\n\n\n\n<h2 class=\"wp-block-heading\">nie wiem co to \u017cycie<\/h2>\n\n\n\n<h2 class=\"wp-block-heading\">mistrz si\u0119 jeszcze nie urodzi\u0142<\/h2>\n\n\n\n<h2 class=\"wp-block-heading\">a ucze\u0144 odchodzi<\/h2>\n\n\n\n<h2 class=\"wp-block-heading\">to co przeczuwa\u0142em<\/h2>\n\n\n\n<h2 class=\"wp-block-heading\">znik\u0142o<\/h2>\n\n\n\n<div style=\"height:323px\" aria-hidden=\"true\" class=\"wp-block-spacer\"><\/div>\n\n\n\n<p class=\"has-text-align-right\"><a href=\"http:\/\/suryn.pl\/index.php\/wiersze-wszystkie\/\">Wszystkie wiersze<\/a><\/p>\n","protected":false},"excerpt":{"rendered":"<p>By\u0142em nie do\u015b\u0107 cichy nie do\u015b\u0107 uwa\u017cny wiatr porusza\u0142 trzciny nie wiem co to \u017cycie mistrz si\u0119 jeszcze nie urodzi\u0142 a ucze\u0144 odchodzi to co przeczuwa\u0142em znik\u0142o Wszystkie wiersze<\/p>\n","protected":false},"author":1,"featured_media":0,"parent":0,"menu_order":0,"comment_status":"closed","ping_status":"closed","template":"","meta":{"footnotes":""},"class_list":["post-1724","page","type-page","status-publish","hentry"],"_links":{"self":[{"href":"http:\/\/suryn.pl\/index.php\/wp-json\/wp\/v2\/pages\/1724","targetHints":{"allow":["GET"]}}],"collection":[{"href":"http:\/\/suryn.pl\/index.php\/wp-json\/wp\/v2\/pages"}],"about":[{"href":"http:\/\/suryn.pl\/index.php\/wp-json\/wp\/v2\/types\/page"}],"author":[{"embeddable":true,"href":"http:\/\/suryn.pl\/index.php\/wp-json\/wp\/v2\/users\/1"}],"replies":[{"embeddable":true,"href":"http:\/\/suryn.pl\/index.php\/wp-json\/wp\/v2\/comments?post=1724"}],"version-history":[{"count":2,"href":"http:\/\/suryn.pl\/index.php\/wp-json\/wp\/v2\/pages\/1724\/revisions"}],"predecessor-version":[{"id":2480,"href":"http:\/\/suryn.pl\/index.php\/wp-json\/wp\/v2\/pages\/1724\/revisions\/2480"}],"wp:attachment":[{"href":"http:\/\/suryn.pl\/index.php\/wp-json\/wp\/v2\/media?parent=1724"}],"curies":[{"name":"wp","href":"https:\/\/api.w.org\/{rel}","templated":true}]}}