{"id":1719,"date":"2021-10-13T19:16:13","date_gmt":"2021-10-13T17:16:13","guid":{"rendered":"http:\/\/suryn.pl\/?page_id=1719"},"modified":"2021-10-21T12:44:26","modified_gmt":"2021-10-21T10:44:26","slug":"1719-2","status":"publish","type":"page","link":"http:\/\/suryn.pl\/index.php\/1719-2\/","title":{"rendered":""},"content":{"rendered":"\n<p><\/p>\n\n\n\n<p style=\"font-size:24px\"><strong>Bud\u017a busz<\/strong><\/p>\n\n\n\n<p><\/p>\n\n\n\n<h2 class=\"wp-block-heading\">wa\u017cne jest wschodzi\u0107<\/h2>\n\n\n\n<h2 class=\"wp-block-heading\">tak jak s\u0142onecznik lub \u0142agodny dym<\/h2>\n\n\n\n<h2 class=\"wp-block-heading\">z g\u0142owy B\u0142a\u017ceja<\/h2>\n\n\n\n<h2 class=\"wp-block-heading\">a tu buszowanie budzik\u00f3w w mrowiskach<\/h2>\n\n\n\n<h2 class=\"wp-block-heading\">a tu drrr&#8230;z wielu okien<\/h2>\n\n\n\n<h2 class=\"wp-block-heading\">od witra\u017cy po k\u0119py passpalm \u2013 bud\u017a!<\/h2>\n\n\n\n<h2 class=\"wp-block-heading\">powsta\u0144 z \u0142\u0105k Grantchesteru przebudzonych<\/h2>\n\n\n\n<h2 class=\"wp-block-heading\">przez Rogera Watersa<\/h2>\n\n\n\n<h2 class=\"wp-block-heading\">na przestrza\u0142 i niepodobnie<\/h2>\n\n\n\n<h2 class=\"wp-block-heading\">gdzie \u015bniegi Kilimand\u017caro s\u0142u\u017c\u0105 porann\u0105 toalet\u0105<\/h2>\n\n\n\n<h2 class=\"wp-block-heading\">Hemingwayowi i ostrym trawom kuj\u0105cym zwrotniki<\/h2>\n\n\n\n<h2 class=\"wp-block-heading\">jeszcze jak lampart skacz\u0105c po s\u0142o\u0144cach sk\u00f3ry<\/h2>\n\n\n\n<h2 class=\"wp-block-heading\">zagrajmy sygna\u0142 na rogu nosoro\u017cca a potem<\/h2>\n\n\n\n<h2 class=\"wp-block-heading\">miody wilgotne li\u015bcie i czelu\u015bcie<\/h2>\n\n\n\n<h2 class=\"wp-block-heading\">garde\u0142 goni\u0105ce powietrze&nbsp;&nbsp;<\/h2>\n\n\n\n<h2 class=\"wp-block-heading\">poniewa\u017c rami\u0119 Piotra Hallet zosta\u0142o<\/h2>\n\n\n\n<h2 class=\"wp-block-heading\"><\/h2>\n\n\n\n<h2 class=\"wp-block-heading\">w paszczy lwa<\/h2>\n\n\n\n<p><\/p>\n\n\n\n<p><em>SDS (suryn\/darski)<\/em><\/p>\n\n\n\n<div style=\"height:500px\" aria-hidden=\"true\" class=\"wp-block-spacer\"><\/div>\n\n\n\n<div style=\"height:197px\" aria-hidden=\"true\" class=\"wp-block-spacer\"><\/div>\n\n\n\n<p class=\"has-text-align-right\"><a href=\"http:\/\/suryn.pl\/index.php\/wiersze-wszystkie\/\">Wszystkie wiersze<\/a><\/p>\n","protected":false},"excerpt":{"rendered":"<p>Bud\u017a busz wa\u017cne jest wschodzi\u0107 tak jak s\u0142onecznik lub \u0142agodny dym z g\u0142owy B\u0142a\u017ceja a tu buszowanie budzik\u00f3w w mrowiskach a tu drrr&#8230;z wielu okien od witra\u017cy po k\u0119py passpalm \u2013 bud\u017a! powsta\u0144 z \u0142\u0105k Grantchesteru przebudzonych przez Rogera Watersa na przestrza\u0142 i niepodobnie gdzie \u015bniegi Kilimand\u017caro s\u0142u\u017c\u0105 porann\u0105 toalet\u0105 Hemingwayowi i ostrym trawom kuj\u0105cym zwrotniki jeszcze jak lampart skacz\u0105c &#8230;<\/p>\n","protected":false},"author":1,"featured_media":0,"parent":0,"menu_order":0,"comment_status":"closed","ping_status":"closed","template":"","meta":{"footnotes":""},"class_list":["post-1719","page","type-page","status-publish","hentry"],"_links":{"self":[{"href":"http:\/\/suryn.pl\/index.php\/wp-json\/wp\/v2\/pages\/1719","targetHints":{"allow":["GET"]}}],"collection":[{"href":"http:\/\/suryn.pl\/index.php\/wp-json\/wp\/v2\/pages"}],"about":[{"href":"http:\/\/suryn.pl\/index.php\/wp-json\/wp\/v2\/types\/page"}],"author":[{"embeddable":true,"href":"http:\/\/suryn.pl\/index.php\/wp-json\/wp\/v2\/users\/1"}],"replies":[{"embeddable":true,"href":"http:\/\/suryn.pl\/index.php\/wp-json\/wp\/v2\/comments?post=1719"}],"version-history":[{"count":4,"href":"http:\/\/suryn.pl\/index.php\/wp-json\/wp\/v2\/pages\/1719\/revisions"}],"predecessor-version":[{"id":2486,"href":"http:\/\/suryn.pl\/index.php\/wp-json\/wp\/v2\/pages\/1719\/revisions\/2486"}],"wp:attachment":[{"href":"http:\/\/suryn.pl\/index.php\/wp-json\/wp\/v2\/media?parent=1719"}],"curies":[{"name":"wp","href":"https:\/\/api.w.org\/{rel}","templated":true}]}}