{"id":1706,"date":"2021-10-13T19:08:38","date_gmt":"2021-10-13T17:08:38","guid":{"rendered":"http:\/\/suryn.pl\/?page_id=1706"},"modified":"2021-10-21T12:40:01","modified_gmt":"2021-10-21T10:40:01","slug":"1706-2","status":"publish","type":"page","link":"http:\/\/suryn.pl\/index.php\/1706-2\/","title":{"rendered":""},"content":{"rendered":"\n<p><\/p>\n\n\n\n<h2 class=\"wp-block-heading\"><strong>A<\/strong>nio\u0142 tej ulicy<\/h2>\n\n\n\n<h2 class=\"wp-block-heading\">pi\u0119kny jak t\u0119cza<\/h2>\n\n\n\n<h2 class=\"wp-block-heading\">stra\u017cnik tajemnicy<\/h2>\n\n\n\n<h2 class=\"wp-block-heading\">czeka na mnie za rogiem<\/h2>\n\n\n\n<h2 class=\"wp-block-heading\">ma twoje oczy<\/h2>\n\n\n\n<h2 class=\"wp-block-heading\">i w\u0142osy jak wiatr<\/h2>\n\n\n\n<h2 class=\"wp-block-heading\">zna twoje imi\u0119<\/h2>\n\n\n\n<h2 class=\"wp-block-heading\">i moje pragnienia<\/h2>\n\n\n\n<h2 class=\"wp-block-heading\">ale ich nie spe\u0142ni<\/h2>\n\n\n\n<h2 class=\"wp-block-heading\">dop\u00f3ki czas<\/h2>\n\n\n\n<h2 class=\"wp-block-heading\">i niebo i ziemi\u0119 <\/h2>\n\n\n\n<h2 class=\"wp-block-heading\">mi\u0142o\u015b\u0107 nie wype\u0142ni<\/h2>\n\n\n\n<div style=\"height:416px\" aria-hidden=\"true\" class=\"wp-block-spacer\"><\/div>\n\n\n\n<p class=\"has-text-align-right\"><a href=\"http:\/\/suryn.pl\/index.php\/wiersze-wszystkie\/\">Wszystkie wiersze<\/a><\/p>\n","protected":false},"excerpt":{"rendered":"<p>Anio\u0142 tej ulicy pi\u0119kny jak t\u0119cza stra\u017cnik tajemnicy czeka na mnie za rogiem ma twoje oczy i w\u0142osy jak wiatr zna twoje imi\u0119 i moje pragnienia ale ich nie spe\u0142ni dop\u00f3ki czas i niebo i ziemi\u0119 mi\u0142o\u015b\u0107 nie wype\u0142ni Wszystkie wiersze<\/p>\n","protected":false},"author":1,"featured_media":0,"parent":0,"menu_order":0,"comment_status":"closed","ping_status":"closed","template":"","meta":{"footnotes":""},"class_list":["post-1706","page","type-page","status-publish","hentry"],"_links":{"self":[{"href":"http:\/\/suryn.pl\/index.php\/wp-json\/wp\/v2\/pages\/1706","targetHints":{"allow":["GET"]}}],"collection":[{"href":"http:\/\/suryn.pl\/index.php\/wp-json\/wp\/v2\/pages"}],"about":[{"href":"http:\/\/suryn.pl\/index.php\/wp-json\/wp\/v2\/types\/page"}],"author":[{"embeddable":true,"href":"http:\/\/suryn.pl\/index.php\/wp-json\/wp\/v2\/users\/1"}],"replies":[{"embeddable":true,"href":"http:\/\/suryn.pl\/index.php\/wp-json\/wp\/v2\/comments?post=1706"}],"version-history":[{"count":4,"href":"http:\/\/suryn.pl\/index.php\/wp-json\/wp\/v2\/pages\/1706\/revisions"}],"predecessor-version":[{"id":2482,"href":"http:\/\/suryn.pl\/index.php\/wp-json\/wp\/v2\/pages\/1706\/revisions\/2482"}],"wp:attachment":[{"href":"http:\/\/suryn.pl\/index.php\/wp-json\/wp\/v2\/media?parent=1706"}],"curies":[{"name":"wp","href":"https:\/\/api.w.org\/{rel}","templated":true}]}}