{"id":1703,"date":"2021-10-13T19:06:39","date_gmt":"2021-10-13T17:06:39","guid":{"rendered":"http:\/\/suryn.pl\/?page_id=1703"},"modified":"2021-10-21T12:07:21","modified_gmt":"2021-10-21T10:07:21","slug":"1703-2","status":"publish","type":"page","link":"http:\/\/suryn.pl\/index.php\/1703-2\/","title":{"rendered":""},"content":{"rendered":"\n<p><\/p>\n\n\n\n<p style=\"font-size:24px\"><strong>Andaluzja i skrzypce<\/strong><\/p>\n\n\n\n<p><\/p>\n\n\n\n<div class=\"wp-block-group\"><div class=\"wp-block-group__inner-container is-layout-flow wp-block-group-is-layout-flow\">\n<h2 class=\"wp-block-heading\">jak\u017ce ol\u015bniewaj\u0105co milczysz<\/h2>\n\n\n\n<h2 class=\"wp-block-heading\">w pe\u0142ni skrzyde\u0142<\/h2>\n\n\n\n<h2 class=\"wp-block-heading\">t\u0119\u017cej\u0105cych dzwon\u00f3w<\/h2>\n\n\n\n<h2 class=\"wp-block-heading\">nie dziwi\u0105 ci\u0119 najwy\u017csze pr\u00f3by ognia<\/h2>\n<\/div><\/div>\n\n\n\n<div style=\"height:304px\" aria-hidden=\"true\" class=\"wp-block-spacer\"><\/div>\n\n\n\n<p class=\"has-text-align-right\"><a href=\"http:\/\/suryn.pl\/index.php\/wiersze-wszystkie\/\">Wszystkie wiersze<\/a><\/p>\n","protected":false},"excerpt":{"rendered":"<p>Andaluzja i skrzypce jak\u017ce ol\u015bniewaj\u0105co milczysz w pe\u0142ni skrzyde\u0142 t\u0119\u017cej\u0105cych dzwon\u00f3w nie dziwi\u0105 ci\u0119 najwy\u017csze pr\u00f3by ognia Wszystkie wiersze<\/p>\n","protected":false},"author":1,"featured_media":0,"parent":0,"menu_order":0,"comment_status":"closed","ping_status":"closed","template":"","meta":{"footnotes":""},"class_list":["post-1703","page","type-page","status-publish","hentry"],"_links":{"self":[{"href":"http:\/\/suryn.pl\/index.php\/wp-json\/wp\/v2\/pages\/1703","targetHints":{"allow":["GET"]}}],"collection":[{"href":"http:\/\/suryn.pl\/index.php\/wp-json\/wp\/v2\/pages"}],"about":[{"href":"http:\/\/suryn.pl\/index.php\/wp-json\/wp\/v2\/types\/page"}],"author":[{"embeddable":true,"href":"http:\/\/suryn.pl\/index.php\/wp-json\/wp\/v2\/users\/1"}],"replies":[{"embeddable":true,"href":"http:\/\/suryn.pl\/index.php\/wp-json\/wp\/v2\/comments?post=1703"}],"version-history":[{"count":5,"href":"http:\/\/suryn.pl\/index.php\/wp-json\/wp\/v2\/pages\/1703\/revisions"}],"predecessor-version":[{"id":2473,"href":"http:\/\/suryn.pl\/index.php\/wp-json\/wp\/v2\/pages\/1703\/revisions\/2473"}],"wp:attachment":[{"href":"http:\/\/suryn.pl\/index.php\/wp-json\/wp\/v2\/media?parent=1703"}],"curies":[{"name":"wp","href":"https:\/\/api.w.org\/{rel}","templated":true}]}}