{"id":1685,"date":"2021-10-13T19:01:15","date_gmt":"2021-10-13T17:01:15","guid":{"rendered":"http:\/\/suryn.pl\/?page_id=1685"},"modified":"2021-11-01T09:53:10","modified_gmt":"2021-11-01T08:53:10","slug":"1685-2","status":"publish","type":"page","link":"http:\/\/suryn.pl\/index.php\/1685-2\/","title":{"rendered":""},"content":{"rendered":"\n<p><\/p>\n\n\n\n<p style=\"font-size:24px\"><strong>Alleluja<\/strong><\/p>\n\n\n\n<p><\/p>\n\n\n\n<div class=\"wp-block-group\"><div class=\"wp-block-group__inner-container is-layout-flow wp-block-group-is-layout-flow\">\n<div class=\"wp-block-group\"><div class=\"wp-block-group__inner-container is-layout-flow wp-block-group-is-layout-flow\">\n<p><\/p>\n\n\n\n<div class=\"wp-block-group\"><div class=\"wp-block-group__inner-container is-layout-flow wp-block-group-is-layout-flow\">\n<div class=\"wp-block-group\"><div class=\"wp-block-group__inner-container is-layout-flow wp-block-group-is-layout-flow\">\n<div class=\"wp-block-group\"><div class=\"wp-block-group__inner-container is-layout-flow wp-block-group-is-layout-flow\">\n<h2 class=\"wp-block-heading\">bursztyn mi\u00f3d z\u0142oto <\/h2>\n\n\n\n<h2 class=\"wp-block-heading\">jadalne \u015bwiat\u0142o \u015bwiata<\/h2>\n\n\n\n<h2 class=\"wp-block-heading\">wiecz\u00f3r czochra si\u0119 o gwiazdy<\/h2>\n\n\n\n<h2 class=\"wp-block-heading\">cisza <\/h2>\n\n\n\n<h2 class=\"wp-block-heading\">\u015bmier\u0107<\/h2>\n\n\n\n<h2 class=\"wp-block-heading\">zmartwychwstanie<\/h2>\n\n\n\n<h2 class=\"wp-block-heading\">to co niepoj\u0119te <\/h2>\n\n\n\n<h2 class=\"wp-block-heading\">zostanie<\/h2>\n<\/div><\/div>\n<\/div><\/div>\n\n\n\n<p><\/p>\n<\/div><\/div>\n<\/div><\/div>\n<\/div><\/div>\n\n\n\n<div style=\"height:271px\" aria-hidden=\"true\" class=\"wp-block-spacer\"><\/div>\n\n\n\n<p class=\"has-text-align-right\"><a href=\"http:\/\/suryn.pl\/index.php\/wiersze-wszystkie\/\">Wszystkie wiersze<\/a><\/p>\n","protected":false},"excerpt":{"rendered":"<p>Alleluja bursztyn mi\u00f3d z\u0142oto jadalne \u015bwiat\u0142o \u015bwiata wiecz\u00f3r czochra si\u0119 o gwiazdy cisza \u015bmier\u0107 zmartwychwstanie to co niepoj\u0119te zostanie Wszystkie wiersze<\/p>\n","protected":false},"author":1,"featured_media":0,"parent":0,"menu_order":0,"comment_status":"closed","ping_status":"closed","template":"","meta":{"footnotes":""},"class_list":["post-1685","page","type-page","status-publish","hentry"],"_links":{"self":[{"href":"http:\/\/suryn.pl\/index.php\/wp-json\/wp\/v2\/pages\/1685","targetHints":{"allow":["GET"]}}],"collection":[{"href":"http:\/\/suryn.pl\/index.php\/wp-json\/wp\/v2\/pages"}],"about":[{"href":"http:\/\/suryn.pl\/index.php\/wp-json\/wp\/v2\/types\/page"}],"author":[{"embeddable":true,"href":"http:\/\/suryn.pl\/index.php\/wp-json\/wp\/v2\/users\/1"}],"replies":[{"embeddable":true,"href":"http:\/\/suryn.pl\/index.php\/wp-json\/wp\/v2\/comments?post=1685"}],"version-history":[{"count":21,"href":"http:\/\/suryn.pl\/index.php\/wp-json\/wp\/v2\/pages\/1685\/revisions"}],"predecessor-version":[{"id":2876,"href":"http:\/\/suryn.pl\/index.php\/wp-json\/wp\/v2\/pages\/1685\/revisions\/2876"}],"wp:attachment":[{"href":"http:\/\/suryn.pl\/index.php\/wp-json\/wp\/v2\/media?parent=1685"}],"curies":[{"name":"wp","href":"https:\/\/api.w.org\/{rel}","templated":true}]}}