{"id":1655,"date":"2021-09-30T23:23:28","date_gmt":"2021-09-30T21:23:28","guid":{"rendered":"http:\/\/suryn.pl\/?page_id=1655"},"modified":"2021-10-21T10:15:11","modified_gmt":"2021-10-21T08:15:11","slug":"1655-2","status":"publish","type":"page","link":"http:\/\/suryn.pl\/index.php\/1655-2\/","title":{"rendered":""},"content":{"rendered":"\n<p><\/p>\n\n\n\n<p style=\"font-size:24px\"><strong>Alegoria<\/strong><\/p>\n\n\n\n<pre class=\"wp-block-verse\"><\/pre>\n\n\n\n<pre class=\"wp-block-verse\"><\/pre>\n\n\n\n<pre class=\"wp-block-verse\"><\/pre>\n\n\n\n<div class=\"wp-block-group\"><div class=\"wp-block-group__inner-container is-layout-flow wp-block-group-is-layout-flow\">\n<h2 class=\"wp-block-heading\">le\u017c\u0119 na \u0142asce<\/h2>\n\n\n\n<h2 class=\"wp-block-heading\">b\u00f3lu<\/h2>\n\n\n\n<h2 class=\"wp-block-heading\">i widz\u0119 przez okno<\/h2>\n\n\n\n<h2 class=\"wp-block-heading\">jak jastrz\u0105b kr\u0105\u017cy <\/h2>\n\n\n\n<h2 class=\"wp-block-heading\">coraz wy\u017cej<\/h2>\n\n\n\n<h2 class=\"wp-block-heading\">wygl\u0105da to na taniec<\/h2>\n\n\n\n<h2 class=\"wp-block-heading\">rado\u015bci<\/h2>\n\n\n\n<h2 class=\"wp-block-heading\">a jest zapewne wypatrywaniem<\/h2>\n\n\n\n<h2 class=\"wp-block-heading\">mi\u0119sa<\/h2>\n<\/div><\/div>\n\n\n\n<p><\/p>\n\n\n\n<div style=\"height:500px\" aria-hidden=\"true\" class=\"wp-block-spacer\"><\/div>\n\n\n\n<p class=\"has-text-align-right\"><a href=\"http:\/\/suryn.pl\/index.php\/wiersze-wszystkie\/\" data-type=\"URL\" data-id=\"http:\/\/suryn.pl\/index.php\/wiersze-wszystkie\/\">Wszystkie wiersze<\/a><\/p>\n","protected":false},"excerpt":{"rendered":"<p>Alegoria le\u017c\u0119 na \u0142asce b\u00f3lu i widz\u0119 przez okno jak jastrz\u0105b kr\u0105\u017cy coraz wy\u017cej wygl\u0105da to na taniec rado\u015bci a jest zapewne wypatrywaniem mi\u0119sa Wszystkie wiersze<\/p>\n","protected":false},"author":1,"featured_media":0,"parent":0,"menu_order":0,"comment_status":"closed","ping_status":"closed","template":"","meta":{"footnotes":""},"class_list":["post-1655","page","type-page","status-publish","hentry"],"_links":{"self":[{"href":"http:\/\/suryn.pl\/index.php\/wp-json\/wp\/v2\/pages\/1655","targetHints":{"allow":["GET"]}}],"collection":[{"href":"http:\/\/suryn.pl\/index.php\/wp-json\/wp\/v2\/pages"}],"about":[{"href":"http:\/\/suryn.pl\/index.php\/wp-json\/wp\/v2\/types\/page"}],"author":[{"embeddable":true,"href":"http:\/\/suryn.pl\/index.php\/wp-json\/wp\/v2\/users\/1"}],"replies":[{"embeddable":true,"href":"http:\/\/suryn.pl\/index.php\/wp-json\/wp\/v2\/comments?post=1655"}],"version-history":[{"count":16,"href":"http:\/\/suryn.pl\/index.php\/wp-json\/wp\/v2\/pages\/1655\/revisions"}],"predecessor-version":[{"id":2455,"href":"http:\/\/suryn.pl\/index.php\/wp-json\/wp\/v2\/pages\/1655\/revisions\/2455"}],"wp:attachment":[{"href":"http:\/\/suryn.pl\/index.php\/wp-json\/wp\/v2\/media?parent=1655"}],"curies":[{"name":"wp","href":"https:\/\/api.w.org\/{rel}","templated":true}]}}