{"id":1078,"date":"2021-05-20T14:33:56","date_gmt":"2021-05-20T12:33:56","guid":{"rendered":"http:\/\/suryn.pl\/?page_id=1078"},"modified":"2021-05-21T19:23:14","modified_gmt":"2021-05-21T17:23:14","slug":"napisz-komentarz","status":"publish","type":"page","link":"http:\/\/suryn.pl\/index.php\/napisz-komentarz\/","title":{"rendered":"Komentarze"},"content":{"rendered":"\n<p>To miejsce zaplanowa\u0142am dla Was. <\/p>\n\n\n\n<p>Je\u015bli kto\u015b chcia\u0142by si\u0119 podzieli\u0107 swoim wspomnieniem, przes\u0142a\u0107 zwi\u0105zan\u0105 z Surynem anegdot\u0119, jego wiersz, rysunek, zdj\u0119cie, czy mo\u017ce komentarz do ksi\u0105\u017cki, to ch\u0119tnie b\u0119d\u0119 tu wszystko zamieszcza\u0107. <\/p>\n\n\n\n<p><\/p>\n\n\n\n<p>Prawd\u0119 m\u00f3wi\u0105c nie mam poj\u0119cia czy ten link b\u0119dzie \u017cywy, czy kto\u015b zechce co\u015b napisa\u0107. Po\u017cyjemy-zobaczymy. Ja, pisz\u0105c ksi\u0105\u017ck\u0119 zdawa\u0142am sobie spraw\u0119, \u017ce jest jeszcze mn\u00f3stwo ludzi, do kt\u00f3rych nie dotar\u0142am. <\/p>\n","protected":false},"excerpt":{"rendered":"<p>To miejsce zaplanowa\u0142am dla Was. Je\u015bli kto\u015b chcia\u0142by si\u0119 podzieli\u0107 swoim wspomnieniem, przes\u0142a\u0107 zwi\u0105zan\u0105 z Surynem anegdot\u0119, jego wiersz, rysunek, zdj\u0119cie, czy mo\u017ce komentarz do ksi\u0105\u017cki, to ch\u0119tnie b\u0119d\u0119 tu wszystko zamieszcza\u0107. Prawd\u0119 m\u00f3wi\u0105c nie mam poj\u0119cia czy ten link b\u0119dzie \u017cywy, czy kto\u015b zechce co\u015b napisa\u0107. Po\u017cyjemy-zobaczymy. Ja, pisz\u0105c ksi\u0105\u017ck\u0119 zdawa\u0142am sobie spraw\u0119, \u017ce jest jeszcze mn\u00f3stwo ludzi, do &#8230;<\/p>\n","protected":false},"author":1,"featured_media":0,"parent":0,"menu_order":0,"comment_status":"open","ping_status":"closed","template":"","meta":{"footnotes":""},"class_list":["post-1078","page","type-page","status-publish","hentry"],"_links":{"self":[{"href":"http:\/\/suryn.pl\/index.php\/wp-json\/wp\/v2\/pages\/1078","targetHints":{"allow":["GET"]}}],"collection":[{"href":"http:\/\/suryn.pl\/index.php\/wp-json\/wp\/v2\/pages"}],"about":[{"href":"http:\/\/suryn.pl\/index.php\/wp-json\/wp\/v2\/types\/page"}],"author":[{"embeddable":true,"href":"http:\/\/suryn.pl\/index.php\/wp-json\/wp\/v2\/users\/1"}],"replies":[{"embeddable":true,"href":"http:\/\/suryn.pl\/index.php\/wp-json\/wp\/v2\/comments?post=1078"}],"version-history":[{"count":6,"href":"http:\/\/suryn.pl\/index.php\/wp-json\/wp\/v2\/pages\/1078\/revisions"}],"predecessor-version":[{"id":1553,"href":"http:\/\/suryn.pl\/index.php\/wp-json\/wp\/v2\/pages\/1078\/revisions\/1553"}],"wp:attachment":[{"href":"http:\/\/suryn.pl\/index.php\/wp-json\/wp\/v2\/media?parent=1078"}],"curies":[{"name":"wp","href":"https:\/\/api.w.org\/{rel}","templated":true}]}}